{"id":72427,"date":"2026-01-27T13:42:49","date_gmt":"2026-01-27T13:42:49","guid":{"rendered":"https:\/\/cortho.org\/recursos-para-pacientes\/derechos-y-protecciones-del-paciente\/"},"modified":"2026-01-27T13:42:49","modified_gmt":"2026-01-27T13:42:49","slug":"derechos-y-protecciones-del-paciente","status":"publish","type":"page","link":"https:\/\/www.cortho.org\/es\/recursos-para-pacientes\/derechos-y-protecciones-del-paciente\/","title":{"rendered":"Derechos y protecciones del paciente"},"content":{"rendered":"","protected":false},"excerpt":{"rendered":"","protected":false},"author":2,"featured_media":0,"parent":68214,"menu_order":0,"comment_status":"closed","ping_status":"closed","template":"","meta":{"_acf_changed":false,"_seopress_robots_primary_cat":"","_seopress_titles_title":"Derechos y protecciones del paciente - Complete Orthopedics NY","_seopress_titles_desc":"Cuando recibes nuestro tratamiento, est\u00e1s protegido contra la facturaci\u00f3n de saldo. No deber\u00edas cobrarte m\u00e1s que los copagos, coseguros y\/o franquicia de tu plan. ","_seopress_robots_index":"","footnotes":""},"class_list":["post-72427","page","type-page","status-publish","hentry"],"acf":[],"_links":{"self":[{"href":"https:\/\/www.cortho.org\/es\/wp-json\/wp\/v2\/pages\/72427","targetHints":{"allow":["GET"]}}],"collection":[{"href":"https:\/\/www.cortho.org\/es\/wp-json\/wp\/v2\/pages"}],"about":[{"href":"https:\/\/www.cortho.org\/es\/wp-json\/wp\/v2\/types\/page"}],"author":[{"embeddable":true,"href":"https:\/\/www.cortho.org\/es\/wp-json\/wp\/v2\/users\/2"}],"replies":[{"embeddable":true,"href":"https:\/\/www.cortho.org\/es\/wp-json\/wp\/v2\/comments?post=72427"}],"version-history":[{"count":0,"href":"https:\/\/www.cortho.org\/es\/wp-json\/wp\/v2\/pages\/72427\/revisions"}],"up":[{"embeddable":true,"href":"https:\/\/www.cortho.org\/es\/wp-json\/wp\/v2\/pages\/68214"}],"wp:attachment":[{"href":"https:\/\/www.cortho.org\/es\/wp-json\/wp\/v2\/media?parent=72427"}],"curies":[{"name":"wp","href":"https:\/\/api.w.org\/{rel}","templated":true}]}}