{"id":72425,"date":"2026-01-27T13:33:06","date_gmt":"2026-01-27T13:33:06","guid":{"rendered":"https:\/\/cortho.org\/retroalimentacion\/"},"modified":"2026-01-27T13:33:06","modified_gmt":"2026-01-27T13:33:06","slug":"retroalimentacion","status":"publish","type":"page","link":"https:\/\/www.cortho.org\/es\/retroalimentacion\/","title":{"rendered":"Retroalimentaci\u00f3n"},"content":{"rendered":"","protected":false},"excerpt":{"rendered":"","protected":false},"author":2,"featured_media":0,"parent":0,"menu_order":0,"comment_status":"closed","ping_status":"closed","template":"","meta":{"_acf_changed":false,"_seopress_robots_primary_cat":"","_seopress_titles_title":"Feedback - Ortopedia Completa | M\u00faltiples ubicaciones en Nueva York","_seopress_titles_desc":"Intentamos que nuestra web sea lo m\u00e1s \u00fatil e informativa posible","_seopress_robots_index":"","footnotes":""},"class_list":["post-72425","page","type-page","status-publish","hentry"],"acf":[],"_links":{"self":[{"href":"https:\/\/www.cortho.org\/es\/wp-json\/wp\/v2\/pages\/72425","targetHints":{"allow":["GET"]}}],"collection":[{"href":"https:\/\/www.cortho.org\/es\/wp-json\/wp\/v2\/pages"}],"about":[{"href":"https:\/\/www.cortho.org\/es\/wp-json\/wp\/v2\/types\/page"}],"author":[{"embeddable":true,"href":"https:\/\/www.cortho.org\/es\/wp-json\/wp\/v2\/users\/2"}],"replies":[{"embeddable":true,"href":"https:\/\/www.cortho.org\/es\/wp-json\/wp\/v2\/comments?post=72425"}],"version-history":[{"count":0,"href":"https:\/\/www.cortho.org\/es\/wp-json\/wp\/v2\/pages\/72425\/revisions"}],"wp:attachment":[{"href":"https:\/\/www.cortho.org\/es\/wp-json\/wp\/v2\/media?parent=72425"}],"curies":[{"name":"wp","href":"https:\/\/api.w.org\/{rel}","templated":true}]}}