{"id":72424,"date":"2026-01-27T13:50:09","date_gmt":"2026-01-27T13:50:09","guid":{"rendered":"https:\/\/cortho.org\/recursos-para-pacientes\/formularios-para-pacientes\/"},"modified":"2026-01-27T18:41:25","modified_gmt":"2026-01-27T18:41:25","slug":"formularios-para-pacientes","status":"publish","type":"page","link":"https:\/\/www.cortho.org\/es\/formularios-paciente\/","title":{"rendered":"Formularios para pacientes"},"content":{"rendered":"","protected":false},"excerpt":{"rendered":"","protected":false},"author":2,"featured_media":0,"parent":68214,"menu_order":0,"comment_status":"closed","ping_status":"closed","template":"","meta":{"_acf_changed":false,"_seopress_robots_primary_cat":"","_seopress_titles_title":"Formularios para pacientes - Ortopedia y podolog\u00eda completas | M\u00faltiples ubicaciones en Nueva York","_seopress_titles_desc":"\u00a1No tenemos ning\u00fan formulario de registro! Los \u00fanicos documentos que requieren tu firma son para proteger tu informaci\u00f3n personal y para apelar a las compa\u00f1\u00edas de seguros.","_seopress_robots_index":"","footnotes":""},"class_list":["post-72424","page","type-page","status-publish","hentry"],"acf":[],"_links":{"self":[{"href":"https:\/\/www.cortho.org\/es\/wp-json\/wp\/v2\/pages\/72424","targetHints":{"allow":["GET"]}}],"collection":[{"href":"https:\/\/www.cortho.org\/es\/wp-json\/wp\/v2\/pages"}],"about":[{"href":"https:\/\/www.cortho.org\/es\/wp-json\/wp\/v2\/types\/page"}],"author":[{"embeddable":true,"href":"https:\/\/www.cortho.org\/es\/wp-json\/wp\/v2\/users\/2"}],"replies":[{"embeddable":true,"href":"https:\/\/www.cortho.org\/es\/wp-json\/wp\/v2\/comments?post=72424"}],"version-history":[{"count":1,"href":"https:\/\/www.cortho.org\/es\/wp-json\/wp\/v2\/pages\/72424\/revisions"}],"predecessor-version":[{"id":72430,"href":"https:\/\/www.cortho.org\/es\/wp-json\/wp\/v2\/pages\/72424\/revisions\/72430"}],"up":[{"embeddable":true,"href":"https:\/\/www.cortho.org\/es\/wp-json\/wp\/v2\/pages\/68214"}],"wp:attachment":[{"href":"https:\/\/www.cortho.org\/es\/wp-json\/wp\/v2\/media?parent=72424"}],"curies":[{"name":"wp","href":"https:\/\/api.w.org\/{rel}","templated":true}]}}