{"id":69275,"date":"2025-11-25T03:13:32","date_gmt":"2025-11-25T03:13:32","guid":{"rendered":"https:\/\/cortho.org\/contacta-con-nosotros\/gracias\/charlar-por-mensaje\/"},"modified":"2025-11-25T03:13:32","modified_gmt":"2025-11-25T03:13:32","slug":"charlar-por-mensaje","status":"publish","type":"page","link":"https:\/\/www.cortho.org\/es\/contacta-con-nosotros\/gracias\/charlar-por-mensaje\/","title":{"rendered":"Charlar por mensaje"},"content":{"rendered":"","protected":false},"excerpt":{"rendered":"","protected":false},"author":2,"featured_media":67832,"parent":69259,"menu_order":0,"comment_status":"closed","ping_status":"closed","template":"","meta":{"_acf_changed":false,"_seopress_robots_primary_cat":"","_seopress_titles_title":"Gracias \u2013 Ortopedia y Poolog\u00eda Completa | Ubicaciones en Nueva York","_seopress_titles_desc":"Por proporcionar tu n\u00famero de m\u00f3vil. Nos pondremos en contacto contigo en breve. ","_seopress_robots_index":"","footnotes":""},"class_list":["post-69275","page","type-page","status-publish","has-post-thumbnail","hentry"],"acf":[],"_links":{"self":[{"href":"https:\/\/www.cortho.org\/es\/wp-json\/wp\/v2\/pages\/69275","targetHints":{"allow":["GET"]}}],"collection":[{"href":"https:\/\/www.cortho.org\/es\/wp-json\/wp\/v2\/pages"}],"about":[{"href":"https:\/\/www.cortho.org\/es\/wp-json\/wp\/v2\/types\/page"}],"author":[{"embeddable":true,"href":"https:\/\/www.cortho.org\/es\/wp-json\/wp\/v2\/users\/2"}],"replies":[{"embeddable":true,"href":"https:\/\/www.cortho.org\/es\/wp-json\/wp\/v2\/comments?post=69275"}],"version-history":[{"count":0,"href":"https:\/\/www.cortho.org\/es\/wp-json\/wp\/v2\/pages\/69275\/revisions"}],"up":[{"embeddable":true,"href":"https:\/\/www.cortho.org\/es\/wp-json\/wp\/v2\/pages\/69259"}],"wp:featuredmedia":[{"embeddable":true,"href":"https:\/\/www.cortho.org\/es\/wp-json\/wp\/v2\/media\/67832"}],"wp:attachment":[{"href":"https:\/\/www.cortho.org\/es\/wp-json\/wp\/v2\/media?parent=69275"}],"curies":[{"name":"wp","href":"https:\/\/api.w.org\/{rel}","templated":true}]}}