{"id":69274,"date":"2025-11-25T03:29:21","date_gmt":"2025-11-25T03:29:21","guid":{"rendered":"https:\/\/cortho.org\/medico-necesario-en-2019\/"},"modified":"2025-11-25T03:29:21","modified_gmt":"2025-11-25T03:29:21","slug":"medico-necesario-en-2019","status":"publish","type":"page","link":"https:\/\/www.cortho.org\/es\/medico-necesario-en-2019\/","title":{"rendered":"M\u00e9dico necesario en 2019"},"content":{"rendered":"","protected":false},"excerpt":{"rendered":"","protected":false},"author":2,"featured_media":67832,"parent":0,"menu_order":0,"comment_status":"closed","ping_status":"closed","template":"","meta":{"_acf_changed":false,"_seopress_robots_primary_cat":"","_seopress_titles_title":"Se necesita m\u00e9dico - Ortopedia y podolog\u00eda completas | M\u00faltiples ubicaciones en Nueva York","_seopress_titles_desc":"","_seopress_robots_index":"","footnotes":""},"class_list":["post-69274","page","type-page","status-publish","has-post-thumbnail","hentry"],"acf":[],"_links":{"self":[{"href":"https:\/\/www.cortho.org\/es\/wp-json\/wp\/v2\/pages\/69274","targetHints":{"allow":["GET"]}}],"collection":[{"href":"https:\/\/www.cortho.org\/es\/wp-json\/wp\/v2\/pages"}],"about":[{"href":"https:\/\/www.cortho.org\/es\/wp-json\/wp\/v2\/types\/page"}],"author":[{"embeddable":true,"href":"https:\/\/www.cortho.org\/es\/wp-json\/wp\/v2\/users\/2"}],"replies":[{"embeddable":true,"href":"https:\/\/www.cortho.org\/es\/wp-json\/wp\/v2\/comments?post=69274"}],"version-history":[{"count":0,"href":"https:\/\/www.cortho.org\/es\/wp-json\/wp\/v2\/pages\/69274\/revisions"}],"wp:featuredmedia":[{"embeddable":true,"href":"https:\/\/www.cortho.org\/es\/wp-json\/wp\/v2\/media\/67832"}],"wp:attachment":[{"href":"https:\/\/www.cortho.org\/es\/wp-json\/wp\/v2\/media?parent=69274"}],"curies":[{"name":"wp","href":"https:\/\/api.w.org\/{rel}","templated":true}]}}