{"id":69273,"date":"2025-11-25T04:16:04","date_gmt":"2025-11-25T04:16:04","guid":{"rendered":"https:\/\/cortho.org\/faq\/preguntas-frecuentes-sobre-pie-y-tobillo\/"},"modified":"2025-11-25T04:16:04","modified_gmt":"2025-11-25T04:16:04","slug":"preguntas-frecuentes-sobre-pie-y-tobillo","status":"publish","type":"page","link":"https:\/\/www.cortho.org\/es\/faq\/preguntas-frecuentes-sobre-pie-y-tobillo\/","title":{"rendered":"Preguntas frecuentes sobre pie y tobillo"},"content":{"rendered":"","protected":false},"excerpt":{"rendered":"","protected":false},"author":2,"featured_media":67832,"parent":68200,"menu_order":0,"comment_status":"closed","ping_status":"closed","template":"","meta":{"_acf_changed":false,"_seopress_robots_primary_cat":"","_seopress_titles_title":"Preguntas frecuentes sobre pie y tobillo - Ortopedia y podolog\u00eda completa | M\u00faltiples ubicaciones en Nueva York","_seopress_titles_desc":"Preguntas frecuentes sobre pie y tobillo - Los m\u00e9dicos de Complete Orthopedics han respondido personalmente a estas preguntas frecuentes sobre medicina deportiva y procedimientos relacionados.","_seopress_robots_index":"","footnotes":""},"class_list":["post-69273","page","type-page","status-publish","has-post-thumbnail","hentry"],"acf":[],"_links":{"self":[{"href":"https:\/\/www.cortho.org\/es\/wp-json\/wp\/v2\/pages\/69273","targetHints":{"allow":["GET"]}}],"collection":[{"href":"https:\/\/www.cortho.org\/es\/wp-json\/wp\/v2\/pages"}],"about":[{"href":"https:\/\/www.cortho.org\/es\/wp-json\/wp\/v2\/types\/page"}],"author":[{"embeddable":true,"href":"https:\/\/www.cortho.org\/es\/wp-json\/wp\/v2\/users\/2"}],"replies":[{"embeddable":true,"href":"https:\/\/www.cortho.org\/es\/wp-json\/wp\/v2\/comments?post=69273"}],"version-history":[{"count":0,"href":"https:\/\/www.cortho.org\/es\/wp-json\/wp\/v2\/pages\/69273\/revisions"}],"up":[{"embeddable":true,"href":"https:\/\/www.cortho.org\/es\/wp-json\/wp\/v2\/pages\/68200"}],"wp:featuredmedia":[{"embeddable":true,"href":"https:\/\/www.cortho.org\/es\/wp-json\/wp\/v2\/media\/67832"}],"wp:attachment":[{"href":"https:\/\/www.cortho.org\/es\/wp-json\/wp\/v2\/media?parent=69273"}],"curies":[{"name":"wp","href":"https:\/\/api.w.org\/{rel}","templated":true}]}}