{"id":69271,"date":"2025-09-18T08:40:05","date_gmt":"2025-09-18T08:40:05","guid":{"rendered":"https:\/\/cortho.org\/nombramiento-general\/"},"modified":"2025-09-18T08:40:05","modified_gmt":"2025-09-18T08:40:05","slug":"nombramiento-general","status":"publish","type":"page","link":"https:\/\/www.cortho.org\/es\/nombramiento-general\/","title":{"rendered":"Nombramiento general"},"content":{"rendered":"","protected":false},"excerpt":{"rendered":"","protected":false},"author":2,"featured_media":67832,"parent":0,"menu_order":0,"comment_status":"closed","ping_status":"closed","template":"","meta":{"_acf_changed":false,"_seopress_robots_primary_cat":"","_seopress_titles_title":"Nombramiento | Ortopedia Completa NY | Atenci\u00f3n ortop\u00e9dica","_seopress_titles_desc":"Ortopedia: Los tratamientos incluyen el enfoque anterior, la pr\u00f3tesis total de cadera y la cirug\u00eda de rodilla se ofrecen en el hospital Complete Orthopedics de Bayside, Nueva York y Nueva York.","_seopress_robots_index":"","footnotes":""},"class_list":["post-69271","page","type-page","status-publish","has-post-thumbnail","hentry"],"acf":[],"_links":{"self":[{"href":"https:\/\/www.cortho.org\/es\/wp-json\/wp\/v2\/pages\/69271","targetHints":{"allow":["GET"]}}],"collection":[{"href":"https:\/\/www.cortho.org\/es\/wp-json\/wp\/v2\/pages"}],"about":[{"href":"https:\/\/www.cortho.org\/es\/wp-json\/wp\/v2\/types\/page"}],"author":[{"embeddable":true,"href":"https:\/\/www.cortho.org\/es\/wp-json\/wp\/v2\/users\/2"}],"replies":[{"embeddable":true,"href":"https:\/\/www.cortho.org\/es\/wp-json\/wp\/v2\/comments?post=69271"}],"version-history":[{"count":0,"href":"https:\/\/www.cortho.org\/es\/wp-json\/wp\/v2\/pages\/69271\/revisions"}],"wp:featuredmedia":[{"embeddable":true,"href":"https:\/\/www.cortho.org\/es\/wp-json\/wp\/v2\/media\/67832"}],"wp:attachment":[{"href":"https:\/\/www.cortho.org\/es\/wp-json\/wp\/v2\/media?parent=69271"}],"curies":[{"name":"wp","href":"https:\/\/api.w.org\/{rel}","templated":true}]}}