{"id":69268,"date":"2025-08-28T17:14:59","date_gmt":"2025-08-28T17:14:59","guid":{"rendered":"https:\/\/cortho.org\/politica-de-privacidad\/"},"modified":"2025-08-28T17:14:59","modified_gmt":"2025-08-28T17:14:59","slug":"politica-de-privacidad","status":"publish","type":"page","link":"https:\/\/www.cortho.org\/es\/politica-de-privacidad\/","title":{"rendered":"Pol\u00edtica de privacidad"},"content":{"rendered":"","protected":false},"excerpt":{"rendered":"","protected":false},"author":1,"featured_media":67832,"parent":0,"menu_order":0,"comment_status":"closed","ping_status":"closed","template":"","meta":{"_acf_changed":false,"_seopress_robots_primary_cat":"","_seopress_titles_title":"Privacidad - Ortopedia Completa | M\u00faltiples ubicaciones en Nueva York","_seopress_titles_desc":"Nos interesa la privacidad y la seguridad de nuestros visitantes. Aqu\u00ed tienes la pol\u00edtica de privacidad detallada, mientras que ofrece el mejor tratamiento ortop\u00e9dico. ","_seopress_robots_index":"","footnotes":""},"class_list":["post-69268","page","type-page","status-publish","has-post-thumbnail","hentry"],"acf":[],"_links":{"self":[{"href":"https:\/\/www.cortho.org\/es\/wp-json\/wp\/v2\/pages\/69268","targetHints":{"allow":["GET"]}}],"collection":[{"href":"https:\/\/www.cortho.org\/es\/wp-json\/wp\/v2\/pages"}],"about":[{"href":"https:\/\/www.cortho.org\/es\/wp-json\/wp\/v2\/types\/page"}],"author":[{"embeddable":true,"href":"https:\/\/www.cortho.org\/es\/wp-json\/wp\/v2\/users\/1"}],"replies":[{"embeddable":true,"href":"https:\/\/www.cortho.org\/es\/wp-json\/wp\/v2\/comments?post=69268"}],"version-history":[{"count":0,"href":"https:\/\/www.cortho.org\/es\/wp-json\/wp\/v2\/pages\/69268\/revisions"}],"wp:featuredmedia":[{"embeddable":true,"href":"https:\/\/www.cortho.org\/es\/wp-json\/wp\/v2\/media\/67832"}],"wp:attachment":[{"href":"https:\/\/www.cortho.org\/es\/wp-json\/wp\/v2\/media?parent=69268"}],"curies":[{"name":"wp","href":"https:\/\/api.w.org\/{rel}","templated":true}]}}