{"id":69264,"date":"2025-12-07T12:55:44","date_gmt":"2025-12-07T12:55:44","guid":{"rendered":"https:\/\/cortho.org\/servicios\/"},"modified":"2025-12-07T12:55:44","modified_gmt":"2025-12-07T12:55:44","slug":"servicios","status":"publish","type":"page","link":"https:\/\/www.cortho.org\/es\/servicios\/","title":{"rendered":"Servicios"},"content":{"rendered":"","protected":false},"excerpt":{"rendered":"","protected":false},"author":2,"featured_media":67832,"parent":0,"menu_order":0,"comment_status":"closed","ping_status":"closed","template":"","meta":{"_acf_changed":false,"_seopress_robots_primary_cat":"","_seopress_titles_title":"Servicios ortop\u00e9dicos | 7 Ubicaciones en Nueva York","_seopress_titles_desc":"En Complete Orthopedics, con 7 ubicaciones en Nueva York se realizan reemplazos de cadera y rodilla, el manejo de enfermedades metab\u00f3licas \u00f3seas y m\u00e1s. Llama ahora, (212) 951-0182. ","_seopress_robots_index":"","footnotes":""},"class_list":["post-69264","page","type-page","status-publish","has-post-thumbnail","hentry"],"acf":[],"_links":{"self":[{"href":"https:\/\/www.cortho.org\/es\/wp-json\/wp\/v2\/pages\/69264","targetHints":{"allow":["GET"]}}],"collection":[{"href":"https:\/\/www.cortho.org\/es\/wp-json\/wp\/v2\/pages"}],"about":[{"href":"https:\/\/www.cortho.org\/es\/wp-json\/wp\/v2\/types\/page"}],"author":[{"embeddable":true,"href":"https:\/\/www.cortho.org\/es\/wp-json\/wp\/v2\/users\/2"}],"replies":[{"embeddable":true,"href":"https:\/\/www.cortho.org\/es\/wp-json\/wp\/v2\/comments?post=69264"}],"version-history":[{"count":0,"href":"https:\/\/www.cortho.org\/es\/wp-json\/wp\/v2\/pages\/69264\/revisions"}],"wp:featuredmedia":[{"embeddable":true,"href":"https:\/\/www.cortho.org\/es\/wp-json\/wp\/v2\/media\/67832"}],"wp:attachment":[{"href":"https:\/\/www.cortho.org\/es\/wp-json\/wp\/v2\/media?parent=69264"}],"curies":[{"name":"wp","href":"https:\/\/api.w.org\/{rel}","templated":true}]}}