{"id":69260,"date":"2025-11-25T03:26:21","date_gmt":"2025-11-25T03:26:21","guid":{"rendered":"https:\/\/cortho.org\/aviso-legal\/"},"modified":"2025-11-25T03:26:21","modified_gmt":"2025-11-25T03:26:21","slug":"aviso-legal","status":"publish","type":"page","link":"https:\/\/www.cortho.org\/es\/aviso-legal\/","title":{"rendered":"Aviso legal"},"content":{"rendered":"","protected":false},"excerpt":{"rendered":"","protected":false},"author":2,"featured_media":67832,"parent":0,"menu_order":0,"comment_status":"closed","ping_status":"closed","template":"","meta":{"_acf_changed":false,"_seopress_robots_primary_cat":"","_seopress_titles_title":"Aviso legal - Ortopedia y podolog\u00eda completa | M\u00faltiples ubicaciones en Nueva York","_seopress_titles_desc":"Lee el aviso legal de las directrices cl\u00ednicas de la academia. Siempre se anima a los usuarios de las gu\u00edas a buscar informaci\u00f3n m\u00e1s reciente que pueda influir en el diagn\u00f3stico y el tratamiento. ","_seopress_robots_index":"","footnotes":""},"class_list":["post-69260","page","type-page","status-publish","has-post-thumbnail","hentry"],"acf":[],"_links":{"self":[{"href":"https:\/\/www.cortho.org\/es\/wp-json\/wp\/v2\/pages\/69260","targetHints":{"allow":["GET"]}}],"collection":[{"href":"https:\/\/www.cortho.org\/es\/wp-json\/wp\/v2\/pages"}],"about":[{"href":"https:\/\/www.cortho.org\/es\/wp-json\/wp\/v2\/types\/page"}],"author":[{"embeddable":true,"href":"https:\/\/www.cortho.org\/es\/wp-json\/wp\/v2\/users\/2"}],"replies":[{"embeddable":true,"href":"https:\/\/www.cortho.org\/es\/wp-json\/wp\/v2\/comments?post=69260"}],"version-history":[{"count":0,"href":"https:\/\/www.cortho.org\/es\/wp-json\/wp\/v2\/pages\/69260\/revisions"}],"wp:featuredmedia":[{"embeddable":true,"href":"https:\/\/www.cortho.org\/es\/wp-json\/wp\/v2\/media\/67832"}],"wp:attachment":[{"href":"https:\/\/www.cortho.org\/es\/wp-json\/wp\/v2\/media?parent=69260"}],"curies":[{"name":"wp","href":"https:\/\/api.w.org\/{rel}","templated":true}]}}