{"id":69259,"date":"2025-11-25T03:09:17","date_gmt":"2025-11-25T03:09:17","guid":{"rendered":"https:\/\/cortho.org\/contacta-con-nosotros\/gracias\/"},"modified":"2025-11-25T03:09:17","modified_gmt":"2025-11-25T03:09:17","slug":"gracias","status":"publish","type":"page","link":"https:\/\/www.cortho.org\/es\/contacta-con-nosotros\/gracias\/","title":{"rendered":"Gracias"},"content":{"rendered":"","protected":false},"excerpt":{"rendered":"","protected":false},"author":2,"featured_media":67832,"parent":67870,"menu_order":0,"comment_status":"closed","ping_status":"closed","template":"","meta":{"_acf_changed":false,"_seopress_robots_primary_cat":"","_seopress_titles_title":"Gracias - Ortopedia y Poolog\u00eda Completas | M\u00faltiples ubicaciones en Nueva York","_seopress_titles_desc":"Gracias por enviar tu formulario. Nuestra oficina se pondr\u00e1 en contacto contigo en breve. Si quieres una respuesta m\u00e1s r\u00e1pida, \u00bfpor qu\u00e9 no coges el tel\u00e9fono y nos llamas ahora mismo? Mientras tanto, no dudes en consultar estas preguntas frecuentes que responden nuestros cirujanos   ","_seopress_robots_index":"","_seopress_analysis_target_kw":"","footnotes":""},"class_list":["post-69259","page","type-page","status-publish","has-post-thumbnail","hentry"],"acf":[],"_links":{"self":[{"href":"https:\/\/www.cortho.org\/es\/wp-json\/wp\/v2\/pages\/69259","targetHints":{"allow":["GET"]}}],"collection":[{"href":"https:\/\/www.cortho.org\/es\/wp-json\/wp\/v2\/pages"}],"about":[{"href":"https:\/\/www.cortho.org\/es\/wp-json\/wp\/v2\/types\/page"}],"author":[{"embeddable":true,"href":"https:\/\/www.cortho.org\/es\/wp-json\/wp\/v2\/users\/2"}],"replies":[{"embeddable":true,"href":"https:\/\/www.cortho.org\/es\/wp-json\/wp\/v2\/comments?post=69259"}],"version-history":[{"count":0,"href":"https:\/\/www.cortho.org\/es\/wp-json\/wp\/v2\/pages\/69259\/revisions"}],"up":[{"embeddable":true,"href":"https:\/\/www.cortho.org\/es\/wp-json\/wp\/v2\/pages\/67870"}],"wp:featuredmedia":[{"embeddable":true,"href":"https:\/\/www.cortho.org\/es\/wp-json\/wp\/v2\/media\/67832"}],"wp:attachment":[{"href":"https:\/\/www.cortho.org\/es\/wp-json\/wp\/v2\/media?parent=69259"}],"curies":[{"name":"wp","href":"https:\/\/api.w.org\/{rel}","templated":true}]}}