{"id":68214,"date":"2025-11-16T04:35:24","date_gmt":"2025-11-16T04:35:24","guid":{"rendered":"https:\/\/cortho.org\/recursos-para-pacientes\/"},"modified":"2025-12-28T06:44:20","modified_gmt":"2025-12-28T06:44:20","slug":"recursos-para-pacientes","status":"publish","type":"page","link":"https:\/\/www.cortho.org\/es\/recursos-para-pacientes\/","title":{"rendered":"Recursos para pacientes"},"content":{"rendered":"","protected":false},"excerpt":{"rendered":"","protected":false},"author":2,"featured_media":67832,"parent":0,"menu_order":0,"comment_status":"closed","ping_status":"closed","template":"","meta":{"_acf_changed":false,"_seopress_robots_primary_cat":"","_seopress_titles_title":"Recursos para pacientes - Ortopedia y podolog\u00eda completa | M\u00faltiples ubicaciones en Nueva York","_seopress_titles_desc":"Recursos importantes para que nuestros valiosos pacientes tengan acceso instant\u00e1neo a cualquier tipo de informaci\u00f3n sobre nuestros servicios, consejos de salud y m\u00e1s.","_seopress_robots_index":"","footnotes":""},"class_list":["post-68214","page","type-page","status-publish","has-post-thumbnail","hentry"],"acf":[],"_links":{"self":[{"href":"https:\/\/www.cortho.org\/es\/wp-json\/wp\/v2\/pages\/68214","targetHints":{"allow":["GET"]}}],"collection":[{"href":"https:\/\/www.cortho.org\/es\/wp-json\/wp\/v2\/pages"}],"about":[{"href":"https:\/\/www.cortho.org\/es\/wp-json\/wp\/v2\/types\/page"}],"author":[{"embeddable":true,"href":"https:\/\/www.cortho.org\/es\/wp-json\/wp\/v2\/users\/2"}],"replies":[{"embeddable":true,"href":"https:\/\/www.cortho.org\/es\/wp-json\/wp\/v2\/comments?post=68214"}],"version-history":[{"count":1,"href":"https:\/\/www.cortho.org\/es\/wp-json\/wp\/v2\/pages\/68214\/revisions"}],"predecessor-version":[{"id":68215,"href":"https:\/\/www.cortho.org\/es\/wp-json\/wp\/v2\/pages\/68214\/revisions\/68215"}],"wp:featuredmedia":[{"embeddable":true,"href":"https:\/\/www.cortho.org\/es\/wp-json\/wp\/v2\/media\/67832"}],"wp:attachment":[{"href":"https:\/\/www.cortho.org\/es\/wp-json\/wp\/v2\/media?parent=68214"}],"curies":[{"name":"wp","href":"https:\/\/api.w.org\/{rel}","templated":true}]}}