{"id":68211,"date":"2025-11-24T07:46:38","date_gmt":"2025-11-24T07:46:38","guid":{"rendered":"https:\/\/cortho.org\/contacta-con-nosotros\/cuello-pequeno\/"},"modified":"2026-04-07T07:26:56","modified_gmt":"2026-04-07T07:26:56","slug":"cuello-pequeno","status":"publish","type":"page","link":"https:\/\/www.cortho.org\/es\/contacta-con-nosotros\/cuello-pequeno\/","title":{"rendered":"Cuello Peque\u00f1o"},"content":{"rendered":"","protected":false},"excerpt":{"rendered":"","protected":false},"author":2,"featured_media":67832,"parent":67870,"menu_order":0,"comment_status":"closed","ping_status":"closed","template":"","meta":{"_acf_changed":false,"_seopress_robots_primary_cat":"","_seopress_titles_title":"Ortopedia del Peque\u00f1o Cuello - M\u00e9dicos y Cirujanos | Ortopedia Completa NY","_seopress_titles_desc":"Estas son las instrucciones y toda la informaci\u00f3n de contacto de la cl\u00ednica de Ortopedia Completa en Little Neck, NY","_seopress_robots_index":"","footnotes":""},"class_list":["post-68211","page","type-page","status-publish","has-post-thumbnail","hentry"],"acf":[],"_links":{"self":[{"href":"https:\/\/www.cortho.org\/es\/wp-json\/wp\/v2\/pages\/68211","targetHints":{"allow":["GET"]}}],"collection":[{"href":"https:\/\/www.cortho.org\/es\/wp-json\/wp\/v2\/pages"}],"about":[{"href":"https:\/\/www.cortho.org\/es\/wp-json\/wp\/v2\/types\/page"}],"author":[{"embeddable":true,"href":"https:\/\/www.cortho.org\/es\/wp-json\/wp\/v2\/users\/2"}],"replies":[{"embeddable":true,"href":"https:\/\/www.cortho.org\/es\/wp-json\/wp\/v2\/comments?post=68211"}],"version-history":[{"count":2,"href":"https:\/\/www.cortho.org\/es\/wp-json\/wp\/v2\/pages\/68211\/revisions"}],"predecessor-version":[{"id":73002,"href":"https:\/\/www.cortho.org\/es\/wp-json\/wp\/v2\/pages\/68211\/revisions\/73002"}],"up":[{"embeddable":true,"href":"https:\/\/www.cortho.org\/es\/wp-json\/wp\/v2\/pages\/67870"}],"wp:featuredmedia":[{"embeddable":true,"href":"https:\/\/www.cortho.org\/es\/wp-json\/wp\/v2\/media\/67832"}],"wp:attachment":[{"href":"https:\/\/www.cortho.org\/es\/wp-json\/wp\/v2\/media?parent=68211"}],"curies":[{"name":"wp","href":"https:\/\/api.w.org\/{rel}","templated":true}]}}