{"id":68209,"date":"2025-11-29T11:49:57","date_gmt":"2025-11-29T11:49:57","guid":{"rendered":"https:\/\/cortho.org\/videos\/"},"modified":"2025-12-28T06:16:57","modified_gmt":"2025-12-28T06:16:57","slug":"videos","status":"publish","type":"page","link":"https:\/\/www.cortho.org\/es\/videos\/","title":{"rendered":"V\u00eddeos"},"content":{"rendered":"","protected":false},"excerpt":{"rendered":"","protected":false},"author":2,"featured_media":67896,"parent":0,"menu_order":0,"comment_status":"closed","ping_status":"closed","template":"","meta":{"_acf_changed":false,"_seopress_robots_primary_cat":"","_seopress_titles_title":"V\u00eddeos - Ortopedia y podolog\u00eda completa | M\u00faltiples ubicaciones en Nueva York","_seopress_titles_desc":"V\u00eddeos - Ortopedia y podolog\u00eda completa | M\u00faltiples ubicaciones en Nueva York","_seopress_robots_index":"","footnotes":""},"class_list":["post-68209","page","type-page","status-publish","has-post-thumbnail","hentry"],"acf":[],"_links":{"self":[{"href":"https:\/\/www.cortho.org\/es\/wp-json\/wp\/v2\/pages\/68209","targetHints":{"allow":["GET"]}}],"collection":[{"href":"https:\/\/www.cortho.org\/es\/wp-json\/wp\/v2\/pages"}],"about":[{"href":"https:\/\/www.cortho.org\/es\/wp-json\/wp\/v2\/types\/page"}],"author":[{"embeddable":true,"href":"https:\/\/www.cortho.org\/es\/wp-json\/wp\/v2\/users\/2"}],"replies":[{"embeddable":true,"href":"https:\/\/www.cortho.org\/es\/wp-json\/wp\/v2\/comments?post=68209"}],"version-history":[{"count":1,"href":"https:\/\/www.cortho.org\/es\/wp-json\/wp\/v2\/pages\/68209\/revisions"}],"predecessor-version":[{"id":68210,"href":"https:\/\/www.cortho.org\/es\/wp-json\/wp\/v2\/pages\/68209\/revisions\/68210"}],"wp:featuredmedia":[{"embeddable":true,"href":"https:\/\/www.cortho.org\/es\/wp-json\/wp\/v2\/media\/67896"}],"wp:attachment":[{"href":"https:\/\/www.cortho.org\/es\/wp-json\/wp\/v2\/media?parent=68209"}],"curies":[{"name":"wp","href":"https:\/\/api.w.org\/{rel}","templated":true}]}}