{"id":68200,"date":"2025-11-24T15:33:02","date_gmt":"2025-11-24T15:33:02","guid":{"rendered":"https:\/\/cortho.org\/faq\/"},"modified":"2026-04-07T07:21:17","modified_gmt":"2026-04-07T07:21:17","slug":"faq","status":"publish","type":"page","link":"https:\/\/www.cortho.org\/es\/preguntas-frecuentes\/","title":{"rendered":"Preguntas m\u00e1s frecuentes"},"content":{"rendered":"","protected":false},"excerpt":{"rendered":"","protected":false},"author":2,"featured_media":67832,"parent":0,"menu_order":0,"comment_status":"closed","ping_status":"closed","template":"","meta":{"_acf_changed":false,"_seopress_robots_primary_cat":"","_seopress_titles_title":"FAQ - Complete Orthopedics & Podiatry | M\u00faltiples localizaciones NY","_seopress_titles_desc":"Lee las preguntas m\u00e1s frecuentes contestadas por los cirujanos de Complete Orthopedics sobre cirug\u00edas de cadera, rodilla, columna vertebral, espalda y hombro.","_seopress_robots_index":"","footnotes":""},"class_list":["post-68200","page","type-page","status-publish","has-post-thumbnail","hentry"],"acf":[],"_links":{"self":[{"href":"https:\/\/www.cortho.org\/es\/wp-json\/wp\/v2\/pages\/68200","targetHints":{"allow":["GET"]}}],"collection":[{"href":"https:\/\/www.cortho.org\/es\/wp-json\/wp\/v2\/pages"}],"about":[{"href":"https:\/\/www.cortho.org\/es\/wp-json\/wp\/v2\/types\/page"}],"author":[{"embeddable":true,"href":"https:\/\/www.cortho.org\/es\/wp-json\/wp\/v2\/users\/2"}],"replies":[{"embeddable":true,"href":"https:\/\/www.cortho.org\/es\/wp-json\/wp\/v2\/comments?post=68200"}],"version-history":[{"count":2,"href":"https:\/\/www.cortho.org\/es\/wp-json\/wp\/v2\/pages\/68200\/revisions"}],"predecessor-version":[{"id":72998,"href":"https:\/\/www.cortho.org\/es\/wp-json\/wp\/v2\/pages\/68200\/revisions\/72998"}],"wp:featuredmedia":[{"embeddable":true,"href":"https:\/\/www.cortho.org\/es\/wp-json\/wp\/v2\/media\/67832"}],"wp:attachment":[{"href":"https:\/\/www.cortho.org\/es\/wp-json\/wp\/v2\/media?parent=68200"}],"curies":[{"name":"wp","href":"https:\/\/api.w.org\/{rel}","templated":true}]}}