{"id":68017,"date":"2025-11-24T07:36:25","date_gmt":"2025-11-24T07:36:25","guid":{"rendered":"https:\/\/cortho.org\/contacta-con-nosotros\/arroyo-pedregoso\/"},"modified":"2026-04-07T06:49:45","modified_gmt":"2026-04-07T06:49:45","slug":"arroyo-pedregoso","status":"publish","type":"page","link":"https:\/\/www.cortho.org\/es\/contacta-con-nosotros\/arroyo-pedregoso\/","title":{"rendered":"Arroyo Pedregoso"},"content":{"rendered":"","protected":false},"excerpt":{"rendered":"","protected":false},"author":2,"featured_media":67832,"parent":67870,"menu_order":0,"comment_status":"closed","ping_status":"closed","template":"","meta":{"_acf_changed":false,"_seopress_robots_primary_cat":"","_seopress_titles_title":"Stony Brook Orthopedics - M\u00e9dicos y cirujanos | Ortopedia Completa NY","_seopress_titles_desc":"Ll\u00e1manos al (631) 706-4440 o reserva una cita en l\u00ednea aqu\u00ed, en nuestra oficina. Ofrecemos servicios ortop\u00e9dicos completos desde m\u00faltiples ubicaciones en Long Island ","_seopress_robots_index":"","footnotes":""},"class_list":["post-68017","page","type-page","status-publish","has-post-thumbnail","hentry"],"acf":[],"_links":{"self":[{"href":"https:\/\/www.cortho.org\/es\/wp-json\/wp\/v2\/pages\/68017","targetHints":{"allow":["GET"]}}],"collection":[{"href":"https:\/\/www.cortho.org\/es\/wp-json\/wp\/v2\/pages"}],"about":[{"href":"https:\/\/www.cortho.org\/es\/wp-json\/wp\/v2\/types\/page"}],"author":[{"embeddable":true,"href":"https:\/\/www.cortho.org\/es\/wp-json\/wp\/v2\/users\/2"}],"replies":[{"embeddable":true,"href":"https:\/\/www.cortho.org\/es\/wp-json\/wp\/v2\/comments?post=68017"}],"version-history":[{"count":1,"href":"https:\/\/www.cortho.org\/es\/wp-json\/wp\/v2\/pages\/68017\/revisions"}],"predecessor-version":[{"id":72977,"href":"https:\/\/www.cortho.org\/es\/wp-json\/wp\/v2\/pages\/68017\/revisions\/72977"}],"up":[{"embeddable":true,"href":"https:\/\/www.cortho.org\/es\/wp-json\/wp\/v2\/pages\/67870"}],"wp:featuredmedia":[{"embeddable":true,"href":"https:\/\/www.cortho.org\/es\/wp-json\/wp\/v2\/media\/67832"}],"wp:attachment":[{"href":"https:\/\/www.cortho.org\/es\/wp-json\/wp\/v2\/media?parent=68017"}],"curies":[{"name":"wp","href":"https:\/\/api.w.org\/{rel}","templated":true}]}}