{"id":68010,"date":"2025-11-24T07:23:06","date_gmt":"2025-11-24T07:23:06","guid":{"rendered":"https:\/\/cortho.org\/contacta-con-nosotros\/centrarcada-uno\/"},"modified":"2025-11-24T07:23:06","modified_gmt":"2025-11-24T07:23:06","slug":"centrarcada-uno","status":"publish","type":"page","link":"https:\/\/www.cortho.org\/es\/contacta-con-nosotros\/centrarcada-uno\/","title":{"rendered":"Centrarcada uno"},"content":{"rendered":"","protected":false},"excerpt":{"rendered":"","protected":false},"author":2,"featured_media":67832,"parent":67870,"menu_order":0,"comment_status":"closed","ping_status":"closed","template":"","meta":{"_acf_changed":false,"_seopress_robots_primary_cat":"","_seopress_titles_title":"Centereach Orthopedics - M\u00e9dicos y Cirujanos | Ortopedia Completa NY","_seopress_titles_desc":"Ll\u00e1manos al (631) 981-2663 o reserva una cita en l\u00ednea para nuestro consultorio. Ofrecemos servicios ortop\u00e9dicos completos desde m\u00faltiples ubicaciones en Long Island ","_seopress_robots_index":"","footnotes":""},"class_list":["post-68010","page","type-page","status-publish","has-post-thumbnail","hentry"],"acf":[],"_links":{"self":[{"href":"https:\/\/www.cortho.org\/es\/wp-json\/wp\/v2\/pages\/68010","targetHints":{"allow":["GET"]}}],"collection":[{"href":"https:\/\/www.cortho.org\/es\/wp-json\/wp\/v2\/pages"}],"about":[{"href":"https:\/\/www.cortho.org\/es\/wp-json\/wp\/v2\/types\/page"}],"author":[{"embeddable":true,"href":"https:\/\/www.cortho.org\/es\/wp-json\/wp\/v2\/users\/2"}],"replies":[{"embeddable":true,"href":"https:\/\/www.cortho.org\/es\/wp-json\/wp\/v2\/comments?post=68010"}],"version-history":[{"count":0,"href":"https:\/\/www.cortho.org\/es\/wp-json\/wp\/v2\/pages\/68010\/revisions"}],"up":[{"embeddable":true,"href":"https:\/\/www.cortho.org\/es\/wp-json\/wp\/v2\/pages\/67870"}],"wp:featuredmedia":[{"embeddable":true,"href":"https:\/\/www.cortho.org\/es\/wp-json\/wp\/v2\/media\/67832"}],"wp:attachment":[{"href":"https:\/\/www.cortho.org\/es\/wp-json\/wp\/v2\/media?parent=68010"}],"curies":[{"name":"wp","href":"https:\/\/api.w.org\/{rel}","templated":true}]}}