{"id":68009,"date":"2025-11-24T07:10:16","date_gmt":"2025-11-24T07:10:16","guid":{"rendered":"https:\/\/cortho.org\/contacta-con-nosotros\/bayside\/"},"modified":"2025-11-24T07:10:16","modified_gmt":"2025-11-24T07:10:16","slug":"bayside","status":"publish","type":"page","link":"https:\/\/www.cortho.org\/es\/contacta-con-nosotros\/bayside\/","title":{"rendered":"Bayside"},"content":{"rendered":"","protected":false},"excerpt":{"rendered":"","protected":false},"author":2,"featured_media":67832,"parent":67870,"menu_order":0,"comment_status":"closed","ping_status":"closed","template":"","meta":{"_acf_changed":false,"_seopress_robots_primary_cat":"","_seopress_titles_title":"Ortopedia Bayside - M\u00e9dicos y cirujanos | Complete Orthopedics NY","_seopress_titles_desc":"Ll\u00e1manos al (516) 362-2777 o reserva una cita en l\u00ednea para nuestro consultorio. Ofrecemos servicios ortop\u00e9dicos completos desde m\u00faltiples ubicaciones en Long Island ","_seopress_robots_index":"","footnotes":""},"class_list":["post-68009","page","type-page","status-publish","has-post-thumbnail","hentry"],"acf":[],"_links":{"self":[{"href":"https:\/\/www.cortho.org\/es\/wp-json\/wp\/v2\/pages\/68009","targetHints":{"allow":["GET"]}}],"collection":[{"href":"https:\/\/www.cortho.org\/es\/wp-json\/wp\/v2\/pages"}],"about":[{"href":"https:\/\/www.cortho.org\/es\/wp-json\/wp\/v2\/types\/page"}],"author":[{"embeddable":true,"href":"https:\/\/www.cortho.org\/es\/wp-json\/wp\/v2\/users\/2"}],"replies":[{"embeddable":true,"href":"https:\/\/www.cortho.org\/es\/wp-json\/wp\/v2\/comments?post=68009"}],"version-history":[{"count":0,"href":"https:\/\/www.cortho.org\/es\/wp-json\/wp\/v2\/pages\/68009\/revisions"}],"up":[{"embeddable":true,"href":"https:\/\/www.cortho.org\/es\/wp-json\/wp\/v2\/pages\/67870"}],"wp:featuredmedia":[{"embeddable":true,"href":"https:\/\/www.cortho.org\/es\/wp-json\/wp\/v2\/media\/67832"}],"wp:attachment":[{"href":"https:\/\/www.cortho.org\/es\/wp-json\/wp\/v2\/media?parent=68009"}],"curies":[{"name":"wp","href":"https:\/\/api.w.org\/{rel}","templated":true}]}}