{"id":67871,"date":"2025-11-25T03:02:59","date_gmt":"2025-11-25T03:02:59","guid":{"rendered":"https:\/\/cortho.org\/chat\/"},"modified":"2025-11-25T03:02:59","modified_gmt":"2025-11-25T03:02:59","slug":"chat","status":"publish","type":"page","link":"https:\/\/www.cortho.org\/es\/chat\/","title":{"rendered":"Chat"},"content":{"rendered":"","protected":false},"excerpt":{"rendered":"","protected":false},"author":2,"featured_media":67832,"parent":0,"menu_order":0,"comment_status":"closed","ping_status":"closed","template":"","meta":{"_acf_changed":false,"_seopress_robots_primary_cat":"","_seopress_titles_title":"Chat - Complete Orthopedics | M\u00faltiples ubicaciones en NY","_seopress_titles_desc":"Son r\u00e1pidos, inteligentes y te ayudar\u00e1n a cualquier hora del d\u00eda o de la noche. \u00a1Empieza a utilizar el Chat con nosotros ahora!","_seopress_robots_index":"","footnotes":""},"class_list":["post-67871","page","type-page","status-publish","has-post-thumbnail","hentry"],"acf":[],"_links":{"self":[{"href":"https:\/\/www.cortho.org\/es\/wp-json\/wp\/v2\/pages\/67871","targetHints":{"allow":["GET"]}}],"collection":[{"href":"https:\/\/www.cortho.org\/es\/wp-json\/wp\/v2\/pages"}],"about":[{"href":"https:\/\/www.cortho.org\/es\/wp-json\/wp\/v2\/types\/page"}],"author":[{"embeddable":true,"href":"https:\/\/www.cortho.org\/es\/wp-json\/wp\/v2\/users\/2"}],"replies":[{"embeddable":true,"href":"https:\/\/www.cortho.org\/es\/wp-json\/wp\/v2\/comments?post=67871"}],"version-history":[{"count":0,"href":"https:\/\/www.cortho.org\/es\/wp-json\/wp\/v2\/pages\/67871\/revisions"}],"wp:featuredmedia":[{"embeddable":true,"href":"https:\/\/www.cortho.org\/es\/wp-json\/wp\/v2\/media\/67832"}],"wp:attachment":[{"href":"https:\/\/www.cortho.org\/es\/wp-json\/wp\/v2\/media?parent=67871"}],"curies":[{"name":"wp","href":"https:\/\/api.w.org\/{rel}","templated":true}]}}