{"id":67863,"date":"2025-11-16T04:59:22","date_gmt":"2025-11-16T04:59:22","guid":{"rendered":"https:\/\/cortho.org\/casos-practicos\/"},"modified":"2025-11-16T04:59:22","modified_gmt":"2025-11-16T04:59:22","slug":"casos-practicos","status":"publish","type":"page","link":"https:\/\/www.cortho.org\/es\/casos-practicos\/","title":{"rendered":"Casos pr\u00e1cticos"},"content":{"rendered":"","protected":false},"excerpt":{"rendered":"","protected":false},"author":2,"featured_media":67832,"parent":0,"menu_order":0,"comment_status":"closed","ping_status":"closed","template":"","meta":{"_acf_changed":false,"_seopress_robots_primary_cat":"","_seopress_titles_title":"Estudios de casos de pacientes | Sustituci\u00f3n de articulaciones | Complete Orthopedics","_seopress_titles_desc":"Consulte los estudios de casos de pacientes de Complete Orthopedics para leer las historias de \u00e9xito de nuestras cirug\u00edas de sustituci\u00f3n articular. Obtenga m\u00e1s informaci\u00f3n sobre los riesgos y beneficios. ","_seopress_robots_index":"","footnotes":""},"class_list":["post-67863","page","type-page","status-publish","has-post-thumbnail","hentry"],"acf":[],"_links":{"self":[{"href":"https:\/\/www.cortho.org\/es\/wp-json\/wp\/v2\/pages\/67863","targetHints":{"allow":["GET"]}}],"collection":[{"href":"https:\/\/www.cortho.org\/es\/wp-json\/wp\/v2\/pages"}],"about":[{"href":"https:\/\/www.cortho.org\/es\/wp-json\/wp\/v2\/types\/page"}],"author":[{"embeddable":true,"href":"https:\/\/www.cortho.org\/es\/wp-json\/wp\/v2\/users\/2"}],"replies":[{"embeddable":true,"href":"https:\/\/www.cortho.org\/es\/wp-json\/wp\/v2\/comments?post=67863"}],"version-history":[{"count":0,"href":"https:\/\/www.cortho.org\/es\/wp-json\/wp\/v2\/pages\/67863\/revisions"}],"wp:featuredmedia":[{"embeddable":true,"href":"https:\/\/www.cortho.org\/es\/wp-json\/wp\/v2\/media\/67832"}],"wp:attachment":[{"href":"https:\/\/www.cortho.org\/es\/wp-json\/wp\/v2\/media?parent=67863"}],"curies":[{"name":"wp","href":"https:\/\/api.w.org\/{rel}","templated":true}]}}