{"id":67860,"date":"2025-11-15T04:20:53","date_gmt":"2025-11-15T04:20:53","guid":{"rendered":"https:\/\/cortho.org\/sobre-nosotros\/personal\/"},"modified":"2026-04-07T06:56:20","modified_gmt":"2026-04-07T06:56:20","slug":"personal","status":"publish","type":"page","link":"https:\/\/www.cortho.org\/es\/sobre-nosotros\/personal\/","title":{"rendered":"Personal"},"content":{"rendered":"","protected":false},"excerpt":{"rendered":"","protected":false},"author":2,"featured_media":67832,"parent":67847,"menu_order":0,"comment_status":"closed","ping_status":"closed","template":"","meta":{"_acf_changed":false,"_seopress_robots_primary_cat":"","_seopress_titles_title":"","_seopress_titles_desc":"Nos gustar\u00eda presentarle a nuestro personal aqu\u00ed en Complete Orthopedics, con m\u00faltiples ubicaciones en Long Island Nueva York","_seopress_robots_index":"","footnotes":""},"class_list":["post-67860","page","type-page","status-publish","has-post-thumbnail","hentry"],"acf":[],"_links":{"self":[{"href":"https:\/\/www.cortho.org\/es\/wp-json\/wp\/v2\/pages\/67860","targetHints":{"allow":["GET"]}}],"collection":[{"href":"https:\/\/www.cortho.org\/es\/wp-json\/wp\/v2\/pages"}],"about":[{"href":"https:\/\/www.cortho.org\/es\/wp-json\/wp\/v2\/types\/page"}],"author":[{"embeddable":true,"href":"https:\/\/www.cortho.org\/es\/wp-json\/wp\/v2\/users\/2"}],"replies":[{"embeddable":true,"href":"https:\/\/www.cortho.org\/es\/wp-json\/wp\/v2\/comments?post=67860"}],"version-history":[{"count":2,"href":"https:\/\/www.cortho.org\/es\/wp-json\/wp\/v2\/pages\/67860\/revisions"}],"predecessor-version":[{"id":72981,"href":"https:\/\/www.cortho.org\/es\/wp-json\/wp\/v2\/pages\/67860\/revisions\/72981"}],"up":[{"embeddable":true,"href":"https:\/\/www.cortho.org\/es\/wp-json\/wp\/v2\/pages\/67847"}],"wp:featuredmedia":[{"embeddable":true,"href":"https:\/\/www.cortho.org\/es\/wp-json\/wp\/v2\/media\/67832"}],"wp:attachment":[{"href":"https:\/\/www.cortho.org\/es\/wp-json\/wp\/v2\/media?parent=67860"}],"curies":[{"name":"wp","href":"https:\/\/api.w.org\/{rel}","templated":true}]}}